{"id":646,"date":"2021-04-24T13:09:25","date_gmt":"2021-04-24T13:09:25","guid":{"rendered":"https:\/\/greentribe.camp\/?page_id=646"},"modified":"2021-05-01T16:53:40","modified_gmt":"2021-05-01T16:53:40","slug":"blog","status":"publish","type":"page","link":"https:\/\/greentribe.camp\/pt\/blog\/","title":{"rendered":"Blog"},"content":{"rendered":"<div data-elementor-type=\"wp-page\" data-elementor-id=\"646\" class=\"elementor elementor-646\" data-elementor-post-type=\"page\">\n\t\t\t\t\t\t<section class=\"elementor-section elementor-top-section elementor-element elementor-element-1415a7a elementor-section-boxed elementor-section-height-default elementor-section-height-default\" data-id=\"1415a7a\" data-element_type=\"section\" data-e-type=\"section\" data-settings=\"{&quot;background_background&quot;:&quot;classic&quot;}\">\n\t\t\t\t\t\t\t<div class=\"elementor-background-overlay\"><\/div>\n\t\t\t\t\t\t\t<div class=\"elementor-container elementor-column-gap-default\">\n\t\t\t\t\t<div class=\"elementor-column elementor-col-100 elementor-top-column elementor-element elementor-element-35b21d5\" data-id=\"35b21d5\" data-element_type=\"column\" data-e-type=\"column\">\n\t\t\t<div class=\"elementor-widget-wrap elementor-element-populated\">\n\t\t\t\t\t\t<div class=\"elementor-element elementor-element-091dcb6 elementor-widget elementor-widget-heading\" data-id=\"091dcb6\" data-element_type=\"widget\" data-e-type=\"widget\" data-widget_type=\"heading.default\">\n\t\t\t\t<div class=\"elementor-widget-container\">\n\t\t\t\t\t<h1 class=\"elementor-heading-title elementor-size-default\">BLOG<\/h1>\t\t\t\t<\/div>\n\t\t\t\t<\/div>\n\t\t\t\t\t<\/div>\n\t\t<\/div>\n\t\t\t\t\t<\/div>\n\t\t<\/section>\n\t\t\t\t<section class=\"elementor-section elementor-top-section elementor-element elementor-element-27ab64b elementor-section-boxed elementor-section-height-default elementor-section-height-default\" data-id=\"27ab64b\" data-element_type=\"section\" data-e-type=\"section\">\n\t\t\t\t\t\t<div class=\"elementor-container elementor-column-gap-default\">\n\t\t\t\t\t<div class=\"elementor-column elementor-col-100 elementor-top-column elementor-element elementor-element-c6cd7f4\" data-id=\"c6cd7f4\" data-element_type=\"column\" data-e-type=\"column\">\n\t\t\t<div class=\"elementor-widget-wrap elementor-element-populated\">\n\t\t\t\t\t\t<div class=\"elementor-element elementor-element-cfb6dbb premium-blog-align-left elementor-widget elementor-widget-premium-addon-blog\" data-id=\"cfb6dbb\" data-element_type=\"widget\" data-e-type=\"widget\" data-settings=\"{&quot;premium_blog_columns_number&quot;:&quot;33.33%&quot;,&quot;premium_blog_infinite_scroll&quot;:&quot;yes&quot;,&quot;premium_blog_grid&quot;:&quot;yes&quot;,&quot;premium_blog_layout&quot;:&quot;even&quot;,&quot;premium_blog_columns_number_tablet&quot;:&quot;50%&quot;,&quot;premium_blog_columns_number_mobile&quot;:&quot;100%&quot;,&quot;scroll_to_offset&quot;:&quot;yes&quot;,&quot;filter_flag&quot;:&quot;cat&quot;}\" data-widget_type=\"premium-addon-blog.default\">\n\t\t\t\t<div class=\"elementor-widget-container\">\n\t\t\t\t\t\n\t\t\t\t\t\t\t<div class=\"premium-blog-filter\">\n\t\t\t<ul class=\"premium-blog-filters-container\">\n\t\t\t\t\t\t\t\t\t<li>\n\t\t\t\t\t\t<a href=\"javascript:;\" class=\"category active\" data-filter=\"*\">\n\t\t\t\t\t\t\tTodas as postagens do blog\t\t\t\t\t\t<\/a>\n\t\t\t\t\t<\/li>\n\t\t\t\t\t\t\t\t\t\t\t\t\t\t<li>\n\t\t\t\t\t\t\t<a href=\"javascript:;\" class=\"category\" data-filter=\"general\">\n\t\t\t\t\t\t\t\tGeral\t\t\t\t\t\t\t<\/a>\n\t\t\t\t\t\t<\/li>\n\t\t\t\t\t\t\t\t\t\t<li>\n\t\t\t\t\t\t\t<a href=\"javascript:;\" class=\"category\" data-filter=\"quick-info\">\n\t\t\t\t\t\t\t\tInforma\u00e7\u00f5es R\u00e1pidas\t\t\t\t\t\t\t<\/a>\n\t\t\t\t\t\t<\/li>\n\t\t\t\t\t\t\t<\/ul>\n\t\t<\/div>\n\t\t\t\t\n\n\t\t\t\t<div class=\"premium-blog-wrap  premium-blog-even\" data-page=\"646\">\n\t\t\t\t\t\t\t\t\t<div class=\"premium-blog-post-outer-container general\" data-total=\"1\">\n\t\t\t<div class=\"premium-blog-post-container premium-blog-skin-cards\">\n\t\t\t\t\t\t\t\t\t<div class=\"premium-blog-thumb-effect-wrapper\">\n\t\t\t\t\t\t<div class=\"premium-blog-thumbnail-container premium-blog-zoomin-effect\">\n\t\t\t\t\t\t\t\t\t\t\t<a href=\"https:\/\/greentribe.camp\/pt\/get-ready-for-the-next-big-wave-of-electrical-vehicles-and-recreational-toys\/\" target=\"_blank\">\n\t\t\t\t<img fetchpriority=\"high\" decoding=\"async\" width=\"2048\" height=\"1365\" src=\"https:\/\/i0.wp.com\/greentribe.camp\/wp-content\/uploads\/2021\/05\/shutterstock_352168886-scaled.jpg?fit=2048%2C1365&amp;ssl=1\" class=\"attachment-full size-full wp-image-706\" alt=\"\" srcset=\"https:\/\/i0.wp.com\/greentribe.camp\/wp-content\/uploads\/2021\/05\/shutterstock_352168886-scaled.jpg?w=2048&amp;ssl=1 2048w, https:\/\/i0.wp.com\/greentribe.camp\/wp-content\/uploads\/2021\/05\/shutterstock_352168886-scaled.jpg?resize=300%2C200&amp;ssl=1 300w, https:\/\/i0.wp.com\/greentribe.camp\/wp-content\/uploads\/2021\/05\/shutterstock_352168886-scaled.jpg?resize=1024%2C683&amp;ssl=1 1024w, https:\/\/i0.wp.com\/greentribe.camp\/wp-content\/uploads\/2021\/05\/shutterstock_352168886-scaled.jpg?resize=768%2C512&amp;ssl=1 768w, https:\/\/i0.wp.com\/greentribe.camp\/wp-content\/uploads\/2021\/05\/shutterstock_352168886-scaled.jpg?resize=1536%2C1024&amp;ssl=1 1536w\" sizes=\"(max-width: 1000px) 100vw, 1000px\" \/>\t\t\t\t<\/a>\n\t\t\t\t\t\t\t\t\t\t<\/div>\n\t\t\t\t\t\t\t\t\t\t\t\t\t<div class=\"premium-blog-effect-container premium-blog-framed-effect\">\n\t\t\t\t\t\t\t\t<a class=\"premium-blog-post-link\" href=\"https:\/\/greentribe.camp\/pt\/get-ready-for-the-next-big-wave-of-electrical-vehicles-and-recreational-toys\/\" target=\"_blank\"><span>Prepare-se para a pr\u00f3xima grande onda de ve\u00edculos el\u00e9tricos e de lazer brinquedos<\/span><\/a>\n\t\t\t\t\t\t\t\t\t\t\t\t\t\t\t<\/div>\n\t\t\t\t\t\t\t\t\t\t\t<\/div>\n\t\t\t\t\t\t\t\t\t\t\t\t\t\t\t\t\t\t\t\t\t<div class=\"premium-blog-content-wrapper\">\n\n\t\t\t\t\t<div class=\"premium-blog-inner-container\">\n\n\t\t\t\t\t\t\t\t\t\t\t\t\t\t<h2 class=\"premium-blog-entry-title\">\n\t\t\t<a href=\"https:\/\/greentribe.camp\/pt\/get-ready-for-the-next-big-wave-of-electrical-vehicles-and-recreational-toys\/\" target=\"_blank\">\n\t\t\t\tPrepare-se para a pr\u00f3xima grande onda de ve\u00edculos el\u00e9tricos e de lazer brinquedos\t\t\t<\/a>\n\t\t<\/h2>\n\t\t\n\t\t\t\t\t<\/div>\n\n\t\t\t\t\t\t\t<div class=\"premium-blog-content-inner-wrapper\">\n\t\t<p class=\"premium-blog-post-content\">Com o aumento do n\u00edvel de emiss\u00f5es de poluentes, governos de todo o mundo come\u00e7am a olhar em como desenvolver infra-estruturas el\u00e9ctricas para melhor ...<\/p>\t\t<\/div>\n\t\t\t\t<div class=\"premium-blog-entry-meta\">\n\t\t\t\n\t\t\t\t\t\t\t<span class=\"premium-blog-meta-separator\">\u2022<\/span>\n\t\t\t\t<div class=\"premium-blog-post-time premium-blog-meta-data\">\n\t\t\t\t\t<i class=\"fa fa-calendar-alt\" aria-hidden=\"true\"><\/i>\n\t\t\t\t\t<span>Maio 8, 2021<\/span>\n\t\t\t\t<\/div>\n\t\t\t\n\t\t\t\n\t\t\t\t\t<\/div>\n\t\t\t\t\t\t\t\n\t\t\t\t<\/div>\n\t\t\t<\/div>\n\t\t<\/div>\n\n\t\t\t\t<div class=\"premium-blog-post-outer-container general\" data-total=\"1\">\n\t\t\t<div class=\"premium-blog-post-container premium-blog-skin-cards\">\n\t\t\t\t\t\t\t\t\t<div class=\"premium-blog-thumb-effect-wrapper\">\n\t\t\t\t\t\t<div class=\"premium-blog-thumbnail-container premium-blog-zoomin-effect\">\n\t\t\t\t\t\t\t\t\t\t\t<a href=\"https:\/\/greentribe.camp\/pt\/top-7-tips-to-increase-the-energy-efficiency-inside-your-restaurant-kitchen-within-your-camping\/\" target=\"_blank\">\n\t\t\t\t<img decoding=\"async\" width=\"2048\" height=\"1365\" data-src=\"https:\/\/i0.wp.com\/greentribe.camp\/wp-content\/uploads\/2021\/04\/shutterstock_218886769-scaled.jpg?fit=2048%2C1365&amp;ssl=1\" class=\"attachment-full size-full wp-image-684 lazyload\" alt=\"\" data-srcset=\"https:\/\/i0.wp.com\/greentribe.camp\/wp-content\/uploads\/2021\/04\/shutterstock_218886769-scaled.jpg?w=2048&amp;ssl=1 2048w, https:\/\/i0.wp.com\/greentribe.camp\/wp-content\/uploads\/2021\/04\/shutterstock_218886769-scaled.jpg?resize=300%2C200&amp;ssl=1 300w, https:\/\/i0.wp.com\/greentribe.camp\/wp-content\/uploads\/2021\/04\/shutterstock_218886769-scaled.jpg?resize=1024%2C683&amp;ssl=1 1024w, https:\/\/i0.wp.com\/greentribe.camp\/wp-content\/uploads\/2021\/04\/shutterstock_218886769-scaled.jpg?resize=768%2C512&amp;ssl=1 768w, https:\/\/i0.wp.com\/greentribe.camp\/wp-content\/uploads\/2021\/04\/shutterstock_218886769-scaled.jpg?resize=1536%2C1024&amp;ssl=1 1536w\" data-sizes=\"(max-width: 1000px) 100vw, 1000px\" src=\"data:image\/svg+xml;base64,PHN2ZyB3aWR0aD0iMSIgaGVpZ2h0PSIxIiB4bWxucz0iaHR0cDovL3d3dy53My5vcmcvMjAwMC9zdmciPjwvc3ZnPg==\" style=\"--smush-placeholder-width: 2048px; --smush-placeholder-aspect-ratio: 2048\/1365;\" \/>\t\t\t\t<\/a>\n\t\t\t\t\t\t\t\t\t\t<\/div>\n\t\t\t\t\t\t\t\t\t\t\t\t\t<div class=\"premium-blog-effect-container premium-blog-framed-effect\">\n\t\t\t\t\t\t\t\t<a class=\"premium-blog-post-link\" href=\"https:\/\/greentribe.camp\/pt\/top-7-tips-to-increase-the-energy-efficiency-inside-your-restaurant-kitchen-within-your-camping\/\" target=\"_blank\"><span>Top 7 dicas para aumentar a efici\u00eancia energ\u00e9tica do restaurante \/instala\u00e7\u00f5es de cozinha em seu acampamento<\/span><\/a>\n\t\t\t\t\t\t\t\t\t\t\t\t\t\t\t<\/div>\n\t\t\t\t\t\t\t\t\t\t\t<\/div>\n\t\t\t\t\t\t\t\t\t\t\t\t\t\t\t\t\t\t\t\t\t<div class=\"premium-blog-content-wrapper\">\n\n\t\t\t\t\t<div class=\"premium-blog-inner-container\">\n\n\t\t\t\t\t\t\t\t\t\t\t\t\t\t<h2 class=\"premium-blog-entry-title\">\n\t\t\t<a href=\"https:\/\/greentribe.camp\/pt\/top-7-tips-to-increase-the-energy-efficiency-inside-your-restaurant-kitchen-within-your-camping\/\" target=\"_blank\">\n\t\t\t\tTop 7 dicas para aumentar a efici\u00eancia energ\u00e9tica do restaurante \/instala\u00e7\u00f5es de cozinha em seu acampamento\t\t\t<\/a>\n\t\t<\/h2>\n\t\t\n\t\t\t\t\t<\/div>\n\n\t\t\t\t\t\t\t<div class=\"premium-blog-content-inner-wrapper\">\n\t\t<p class=\"premium-blog-post-content\">Reduzir o restaurante do consumo global de energia, reduz os custos fixos e d\u00e1 o nosso planeta um pouco (muito necess\u00e1ria) break. Quer se trate de um ...<\/p>\t\t<\/div>\n\t\t\t\t<div class=\"premium-blog-entry-meta\">\n\t\t\t\n\t\t\t\t\t\t\t<span class=\"premium-blog-meta-separator\">\u2022<\/span>\n\t\t\t\t<div class=\"premium-blog-post-time premium-blog-meta-data\">\n\t\t\t\t\t<i class=\"fa fa-calendar-alt\" aria-hidden=\"true\"><\/i>\n\t\t\t\t\t<span>Abril 27, 2021<\/span>\n\t\t\t\t<\/div>\n\t\t\t\n\t\t\t\n\t\t\t\t\t<\/div>\n\t\t\t\t\t\t\t\n\t\t\t\t<\/div>\n\t\t\t<\/div>\n\t\t<\/div>\n\n\t\t\t\t<div class=\"premium-blog-post-outer-container quick-info\" data-total=\"1\">\n\t\t\t<div class=\"premium-blog-post-container premium-blog-skin-cards\">\n\t\t\t\t\t\t\t\t\t<div class=\"premium-blog-thumb-effect-wrapper\">\n\t\t\t\t\t\t<div class=\"premium-blog-thumbnail-container premium-blog-zoomin-effect\">\n\t\t\t\t\t\t\t\t\t\t\t<a href=\"https:\/\/greentribe.camp\/pt\/freezer-refrigeration-monitoring\/\" target=\"_blank\">\n\t\t\t\t<img decoding=\"async\" width=\"2048\" height=\"1365\" data-src=\"https:\/\/i0.wp.com\/greentribe.camp\/wp-content\/uploads\/2021\/04\/shutterstock_1355987861-scaled.jpg?fit=2048%2C1365&amp;ssl=1\" class=\"attachment-full size-full wp-image-690 lazyload\" alt=\"\" data-srcset=\"https:\/\/i0.wp.com\/greentribe.camp\/wp-content\/uploads\/2021\/04\/shutterstock_1355987861-scaled.jpg?w=2048&amp;ssl=1 2048w, https:\/\/i0.wp.com\/greentribe.camp\/wp-content\/uploads\/2021\/04\/shutterstock_1355987861-scaled.jpg?resize=300%2C200&amp;ssl=1 300w, https:\/\/i0.wp.com\/greentribe.camp\/wp-content\/uploads\/2021\/04\/shutterstock_1355987861-scaled.jpg?resize=1024%2C683&amp;ssl=1 1024w, https:\/\/i0.wp.com\/greentribe.camp\/wp-content\/uploads\/2021\/04\/shutterstock_1355987861-scaled.jpg?resize=768%2C512&amp;ssl=1 768w, https:\/\/i0.wp.com\/greentribe.camp\/wp-content\/uploads\/2021\/04\/shutterstock_1355987861-scaled.jpg?resize=1536%2C1024&amp;ssl=1 1536w\" data-sizes=\"(max-width: 1000px) 100vw, 1000px\" src=\"data:image\/svg+xml;base64,PHN2ZyB3aWR0aD0iMSIgaGVpZ2h0PSIxIiB4bWxucz0iaHR0cDovL3d3dy53My5vcmcvMjAwMC9zdmciPjwvc3ZnPg==\" style=\"--smush-placeholder-width: 2048px; --smush-placeholder-aspect-ratio: 2048\/1365;\" \/>\t\t\t\t<\/a>\n\t\t\t\t\t\t\t\t\t\t<\/div>\n\t\t\t\t\t\t\t\t\t\t\t\t\t<div class=\"premium-blog-effect-container premium-blog-framed-effect\">\n\t\t\t\t\t\t\t\t<a class=\"premium-blog-post-link\" href=\"https:\/\/greentribe.camp\/pt\/freezer-refrigeration-monitoring\/\" target=\"_blank\"><span>CONGELADOR E REFRIGERA\u00c7\u00c3O DE MONITORAMENTO<\/span><\/a>\n\t\t\t\t\t\t\t\t\t\t\t\t\t\t\t<\/div>\n\t\t\t\t\t\t\t\t\t\t\t<\/div>\n\t\t\t\t\t\t\t\t\t\t\t\t\t\t\t\t\t\t\t\t\t<div class=\"premium-blog-content-wrapper\">\n\n\t\t\t\t\t<div class=\"premium-blog-inner-container\">\n\n\t\t\t\t\t\t\t\t\t\t\t\t\t\t<h2 class=\"premium-blog-entry-title\">\n\t\t\t<a href=\"https:\/\/greentribe.camp\/pt\/freezer-refrigeration-monitoring\/\" target=\"_blank\">\n\t\t\t\tCONGELADOR E REFRIGERA\u00c7\u00c3O DE MONITORAMENTO\t\t\t<\/a>\n\t\t<\/h2>\n\t\t\n\t\t\t\t\t<\/div>\n\n\t\t\t\t\t\t\t<div class=\"premium-blog-content-inner-wrapper\">\n\t\t<p class=\"premium-blog-post-content\">Uma solu\u00e7\u00e3o f\u00e1cil para monitorar e\/ou controle de temperaturas para o seu freezers usando um ControlByWeb m\u00f3dulo ligado ao GreenTribe sistema. Por favor, assista ...<\/p>\t\t<\/div>\n\t\t\t\t<div class=\"premium-blog-entry-meta\">\n\t\t\t\n\t\t\t\t\t\t\t<span class=\"premium-blog-meta-separator\">\u2022<\/span>\n\t\t\t\t<div class=\"premium-blog-post-time premium-blog-meta-data\">\n\t\t\t\t\t<i class=\"fa fa-calendar-alt\" aria-hidden=\"true\"><\/i>\n\t\t\t\t\t<span>Abril 23, 2021<\/span>\n\t\t\t\t<\/div>\n\t\t\t\n\t\t\t\n\t\t\t\t\t<\/div>\n\t\t\t\t\t\t\t\n\t\t\t\t<\/div>\n\t\t\t<\/div>\n\t\t<\/div>\n\n\t\t\t\t<div class=\"premium-blog-post-outer-container general\" data-total=\"1\">\n\t\t\t<div class=\"premium-blog-post-container premium-blog-skin-cards\">\n\t\t\t\t\t\t\t\t\t<div class=\"premium-blog-thumb-effect-wrapper\">\n\t\t\t\t\t\t<div class=\"premium-blog-thumbnail-container premium-blog-zoomin-effect\">\n\t\t\t\t\t\t\t\t\t\t\t<a href=\"https:\/\/greentribe.camp\/pt\/how-the-iot-new-upcoming-technology-can-help-camping-sites-and-marinas-to-reduce-the-energy-consumption\/\" target=\"_blank\">\n\t\t\t\t<img decoding=\"async\" width=\"2048\" height=\"1365\" data-src=\"https:\/\/i0.wp.com\/greentribe.camp\/wp-content\/uploads\/2021\/04\/shutterstock_483976432-scaled.jpg?fit=2048%2C1365&amp;ssl=1\" class=\"attachment-full size-full wp-image-682 lazyload\" alt=\"\" data-srcset=\"https:\/\/i0.wp.com\/greentribe.camp\/wp-content\/uploads\/2021\/04\/shutterstock_483976432-scaled.jpg?w=2048&amp;ssl=1 2048w, https:\/\/i0.wp.com\/greentribe.camp\/wp-content\/uploads\/2021\/04\/shutterstock_483976432-scaled.jpg?resize=300%2C200&amp;ssl=1 300w, https:\/\/i0.wp.com\/greentribe.camp\/wp-content\/uploads\/2021\/04\/shutterstock_483976432-scaled.jpg?resize=1024%2C683&amp;ssl=1 1024w, https:\/\/i0.wp.com\/greentribe.camp\/wp-content\/uploads\/2021\/04\/shutterstock_483976432-scaled.jpg?resize=768%2C512&amp;ssl=1 768w, https:\/\/i0.wp.com\/greentribe.camp\/wp-content\/uploads\/2021\/04\/shutterstock_483976432-scaled.jpg?resize=1536%2C1024&amp;ssl=1 1536w\" data-sizes=\"(max-width: 1000px) 100vw, 1000px\" src=\"data:image\/svg+xml;base64,PHN2ZyB3aWR0aD0iMSIgaGVpZ2h0PSIxIiB4bWxucz0iaHR0cDovL3d3dy53My5vcmcvMjAwMC9zdmciPjwvc3ZnPg==\" style=\"--smush-placeholder-width: 2048px; --smush-placeholder-aspect-ratio: 2048\/1365;\" \/>\t\t\t\t<\/a>\n\t\t\t\t\t\t\t\t\t\t<\/div>\n\t\t\t\t\t\t\t\t\t\t\t\t\t<div class=\"premium-blog-effect-container premium-blog-framed-effect\">\n\t\t\t\t\t\t\t\t<a class=\"premium-blog-post-link\" href=\"https:\/\/greentribe.camp\/pt\/how-the-iot-new-upcoming-technology-can-help-camping-sites-and-marinas-to-reduce-the-energy-consumption\/\" target=\"_blank\"><span>Como o novo IoT pr\u00f3ximos a tecnologia pode ajudar parques de campismo e de marinas para reduzir o consumo de energia<\/span><\/a>\n\t\t\t\t\t\t\t\t\t\t\t\t\t\t\t<\/div>\n\t\t\t\t\t\t\t\t\t\t\t<\/div>\n\t\t\t\t\t\t\t\t\t\t\t\t\t\t\t\t\t\t\t\t\t<div class=\"premium-blog-content-wrapper\">\n\n\t\t\t\t\t<div class=\"premium-blog-inner-container\">\n\n\t\t\t\t\t\t\t\t\t\t\t\t\t\t<h2 class=\"premium-blog-entry-title\">\n\t\t\t<a href=\"https:\/\/greentribe.camp\/pt\/how-the-iot-new-upcoming-technology-can-help-camping-sites-and-marinas-to-reduce-the-energy-consumption\/\" target=\"_blank\">\n\t\t\t\tComo o novo IoT pr\u00f3ximos a tecnologia pode ajudar parques de campismo e de marinas para reduzir o consumo de energia\t\t\t<\/a>\n\t\t<\/h2>\n\t\t\n\t\t\t\t\t<\/div>\n\n\t\t\t\t\t\t\t<div class=\"premium-blog-content-inner-wrapper\">\n\t\t<p class=\"premium-blog-post-content\">Hoje tecnologias modernas, tais como 5G de sistemas de comunica\u00e7\u00e3o, a Intelig\u00eancia Artificial (AI), rob\u00f4s, e a Internet das Coisas (IoT) espera-se capacitar ...<\/p>\t\t<\/div>\n\t\t\t\t<div class=\"premium-blog-entry-meta\">\n\t\t\t\n\t\t\t\t\t\t\t<span class=\"premium-blog-meta-separator\">\u2022<\/span>\n\t\t\t\t<div class=\"premium-blog-post-time premium-blog-meta-data\">\n\t\t\t\t\t<i class=\"fa fa-calendar-alt\" aria-hidden=\"true\"><\/i>\n\t\t\t\t\t<span>Abril 20, 2021<\/span>\n\t\t\t\t<\/div>\n\t\t\t\n\t\t\t\n\t\t\t\t\t<\/div>\n\t\t\t\t\t\t\t\n\t\t\t\t<\/div>\n\t\t\t<\/div>\n\t\t<\/div>\n\n\t\t\t\t<div class=\"premium-blog-post-outer-container general\" data-total=\"1\">\n\t\t\t<div class=\"premium-blog-post-container premium-blog-skin-cards\">\n\t\t\t\t\t\t\t\t\t<div class=\"premium-blog-thumb-effect-wrapper\">\n\t\t\t\t\t\t<div class=\"premium-blog-thumbnail-container premium-blog-zoomin-effect\">\n\t\t\t\t\t\t\t\t\t\t\t<a href=\"https:\/\/greentribe.camp\/pt\/welcome-to-the-greentribe\/\" target=\"_blank\">\n\t\t\t\t<img decoding=\"async\" width=\"2048\" height=\"1366\" data-src=\"https:\/\/i0.wp.com\/greentribe.camp\/wp-content\/uploads\/2021\/02\/kevin-schmid-AvEY5UPoJZM-unsplash-scaled.jpg?fit=2048%2C1366&amp;ssl=1\" class=\"attachment-full size-full wp-image-467 lazyload\" alt=\"\" data-srcset=\"https:\/\/i0.wp.com\/greentribe.camp\/wp-content\/uploads\/2021\/02\/kevin-schmid-AvEY5UPoJZM-unsplash-scaled.jpg?w=2048&amp;ssl=1 2048w, https:\/\/i0.wp.com\/greentribe.camp\/wp-content\/uploads\/2021\/02\/kevin-schmid-AvEY5UPoJZM-unsplash-scaled.jpg?resize=300%2C200&amp;ssl=1 300w, https:\/\/i0.wp.com\/greentribe.camp\/wp-content\/uploads\/2021\/02\/kevin-schmid-AvEY5UPoJZM-unsplash-scaled.jpg?resize=1024%2C683&amp;ssl=1 1024w, https:\/\/i0.wp.com\/greentribe.camp\/wp-content\/uploads\/2021\/02\/kevin-schmid-AvEY5UPoJZM-unsplash-scaled.jpg?resize=768%2C512&amp;ssl=1 768w, https:\/\/i0.wp.com\/greentribe.camp\/wp-content\/uploads\/2021\/02\/kevin-schmid-AvEY5UPoJZM-unsplash-scaled.jpg?resize=1536%2C1024&amp;ssl=1 1536w\" data-sizes=\"(max-width: 1000px) 100vw, 1000px\" src=\"data:image\/svg+xml;base64,PHN2ZyB3aWR0aD0iMSIgaGVpZ2h0PSIxIiB4bWxucz0iaHR0cDovL3d3dy53My5vcmcvMjAwMC9zdmciPjwvc3ZnPg==\" style=\"--smush-placeholder-width: 2048px; --smush-placeholder-aspect-ratio: 2048\/1366;\" \/>\t\t\t\t<\/a>\n\t\t\t\t\t\t\t\t\t\t<\/div>\n\t\t\t\t\t\t\t\t\t\t\t\t\t<div class=\"premium-blog-effect-container premium-blog-framed-effect\">\n\t\t\t\t\t\t\t\t<a class=\"premium-blog-post-link\" href=\"https:\/\/greentribe.camp\/pt\/welcome-to-the-greentribe\/\" target=\"_blank\"><span>Bem-vindo ao GreenTribe!<\/span><\/a>\n\t\t\t\t\t\t\t\t\t\t\t\t\t\t\t<\/div>\n\t\t\t\t\t\t\t\t\t\t\t<\/div>\n\t\t\t\t\t\t\t\t\t\t\t\t\t\t\t\t\t\t\t\t\t<div class=\"premium-blog-content-wrapper\">\n\n\t\t\t\t\t<div class=\"premium-blog-inner-container\">\n\n\t\t\t\t\t\t\t\t\t\t\t\t\t\t<h2 class=\"premium-blog-entry-title\">\n\t\t\t<a href=\"https:\/\/greentribe.camp\/pt\/welcome-to-the-greentribe\/\" target=\"_blank\">\n\t\t\t\tBem-vindo ao GreenTribe!\t\t\t<\/a>\n\t\t<\/h2>\n\t\t\n\t\t\t\t\t<\/div>\n\n\t\t\t\t\t\t\t<div class=\"premium-blog-content-inner-wrapper\">\n\t\t<p class=\"premium-blog-post-content\">As quest\u00f5es ambientais t\u00eam levantado s\u00e9rias preocupa\u00e7\u00f5es ao longo das \u00faltimas d\u00e9cadas. Mais e mais governos e autoridades internacionais, come\u00e7ou a olhar para a introdu\u00e7\u00e3o de ...<\/p>\t\t<\/div>\n\t\t\t\t<div class=\"premium-blog-entry-meta\">\n\t\t\t\n\t\t\t\t\t\t\t<span class=\"premium-blog-meta-separator\">\u2022<\/span>\n\t\t\t\t<div class=\"premium-blog-post-time premium-blog-meta-data\">\n\t\t\t\t\t<i class=\"fa fa-calendar-alt\" aria-hidden=\"true\"><\/i>\n\t\t\t\t\t<span>Mar\u00e7o 15, 2021<\/span>\n\t\t\t\t<\/div>\n\t\t\t\n\t\t\t\n\t\t\t\t\t<\/div>\n\t\t\t\t\t\t\t\n\t\t\t\t<\/div>\n\t\t\t<\/div>\n\t\t<\/div>\n\n\t\t\t\t\t\t\t<\/div>\n\n\t\t\n\t\t\n\t\t\t\t\t\t<\/div>\n\t\t\t\t<\/div>\n\t\t\t\t\t<\/div>\n\t\t<\/div>\n\t\t\t\t\t<\/div>\n\t\t<\/section>\n\t\t\t\t<\/div>","protected":false},"excerpt":{"rendered":"<p>BLOG All blog posts General Quick Info Top 7 measures to increase the energy efficiency inside your restaurant\/kitchen within your camping Reducing restaurant&#8217;s overall energy consumption&nbsp;lowers the utility costs, and is better for our planet. All over the world restaurants and bars have \u2026 \u2022 April 27, 2021 FREEZER &#038; REFRIGERATION MONITORING A easy solution [&hellip;]<\/p>\n","protected":false},"author":1,"featured_media":647,"parent":0,"menu_order":0,"comment_status":"closed","ping_status":"closed","template":"","meta":{"nf_dc_page":"","site-sidebar-layout":"no-sidebar","site-content-layout":"page-builder","ast-site-content-layout":"default","site-content-style":"default","site-sidebar-style":"default","ast-global-header-display":"","ast-banner-title-visibility":"","ast-main-header-display":"","ast-hfb-above-header-display":"","ast-hfb-below-header-display":"","ast-hfb-mobile-header-display":"","site-post-title":"disabled","ast-breadcrumbs-content":"","ast-featured-img":"disabled","footer-sml-layout":"","ast-disable-related-posts":"","theme-transparent-header-meta":"enabled","adv-header-id-meta":"","stick-header-meta":"","header-above-stick-meta":"","header-main-stick-meta":"","header-below-stick-meta":"","astra-migrate-meta-layouts":"default","ast-page-background-enabled":"default","ast-page-background-meta":{"desktop":{"background-color":"","background-image":"","background-repeat":"repeat","background-position":"center center","background-size":"auto","background-attachment":"scroll","background-type":"","background-media":"","overlay-type":"","overlay-color":"","overlay-opacity":"","overlay-gradient":""},"tablet":{"background-color":"","background-image":"","background-repeat":"repeat","background-position":"center center","background-size":"auto","background-attachment":"scroll","background-type":"","background-media":"","overlay-type":"","overlay-color":"","overlay-opacity":"","overlay-gradient":""},"mobile":{"background-color":"","background-image":"","background-repeat":"repeat","background-position":"center center","background-size":"auto","background-attachment":"scroll","background-type":"","background-media":"","overlay-type":"","overlay-color":"","overlay-opacity":"","overlay-gradient":""}},"ast-content-background-meta":{"desktop":{"background-color":"var(--ast-global-color-5)","background-image":"","background-repeat":"repeat","background-position":"center center","background-size":"auto","background-attachment":"scroll","background-type":"","background-media":"","overlay-type":"","overlay-color":"","overlay-opacity":"","overlay-gradient":""},"tablet":{"background-color":"var(--ast-global-color-5)","background-image":"","background-repeat":"repeat","background-position":"center center","background-size":"auto","background-attachment":"scroll","background-type":"","background-media":"","overlay-type":"","overlay-color":"","overlay-opacity":"","overlay-gradient":""},"mobile":{"background-color":"var(--ast-global-color-5)","background-image":"","background-repeat":"repeat","background-position":"center center","background-size":"auto","background-attachment":"scroll","background-type":"","background-media":"","overlay-type":"","overlay-color":"","overlay-opacity":"","overlay-gradient":""}},"footnotes":""},"class_list":["post-646","page","type-page","status-publish","has-post-thumbnail","hentry"],"jetpack_sharing_enabled":true,"_links":{"self":[{"href":"https:\/\/greentribe.camp\/pt\/wp-json\/wp\/v2\/pages\/646","targetHints":{"allow":["GET"]}}],"collection":[{"href":"https:\/\/greentribe.camp\/pt\/wp-json\/wp\/v2\/pages"}],"about":[{"href":"https:\/\/greentribe.camp\/pt\/wp-json\/wp\/v2\/types\/page"}],"author":[{"embeddable":true,"href":"https:\/\/greentribe.camp\/pt\/wp-json\/wp\/v2\/users\/1"}],"replies":[{"embeddable":true,"href":"https:\/\/greentribe.camp\/pt\/wp-json\/wp\/v2\/comments?post=646"}],"version-history":[{"count":5,"href":"https:\/\/greentribe.camp\/pt\/wp-json\/wp\/v2\/pages\/646\/revisions"}],"predecessor-version":[{"id":697,"href":"https:\/\/greentribe.camp\/pt\/wp-json\/wp\/v2\/pages\/646\/revisions\/697"}],"wp:featuredmedia":[{"embeddable":true,"href":"https:\/\/greentribe.camp\/pt\/wp-json\/wp\/v2\/media\/647"}],"wp:attachment":[{"href":"https:\/\/greentribe.camp\/pt\/wp-json\/wp\/v2\/media?parent=646"}],"curies":[{"name":"wp","href":"https:\/\/api.w.org\/{rel}","templated":true}]}}